{"id":5227,"date":"2024-11-07T16:12:22","date_gmt":"2024-11-07T15:12:22","guid":{"rendered":"https:\/\/www.telecomandsaving.com\/seguros\/"},"modified":"2025-03-17T13:17:58","modified_gmt":"2025-03-17T12:17:58","slug":"internet-e-telefone","status":"publish","type":"page","link":"https:\/\/www.telecomandsaving.com\/pt-pt\/internet-e-telefone\/","title":{"rendered":"internet e telefone"},"content":{"rendered":"<p>[et_pb_section fb_built=&#8221;1&#8243; _builder_version=&#8221;4.27.2&#8243; _module_preset=&#8221;default&#8221; global_colors_info=&#8221;{}&#8221;][et_pb_row _builder_version=&#8221;4.27.2&#8243; _module_preset=&#8221;default&#8221; global_colors_info=&#8221;{}&#8221;][et_pb_column type=&#8221;4_4&#8243; _builder_version=&#8221;4.27.2&#8243; _module_preset=&#8221;default&#8221; global_colors_info=&#8221;{}&#8221;][et_pb_text _builder_version=&#8221;4.27.2&#8243; _module_preset=&#8221;default&#8221; global_colors_info=&#8221;{}&#8221;]<\/p>\n<h2><b>Telecom and Saving: Liga\u00e7\u00e3o e Comunica\u00e7\u00e3o de Qualidade<\/b><\/h2>\n<p><span style=\"font-weight: 400;\">Em <\/span><i><span style=\"font-weight: 400;\">Telecom and Saving<\/span><\/i><span style=\"font-weight: 400;\">, sabemos que num mundo cada vez mais digital, a conectividade \u00e9 essencial para estar perto dos seus entes queridos, trabalhar de forma eficiente e desfrutar de entretenimento sem interrup\u00e7\u00f5es. Por isso, desenvolvemos uma gama de servi\u00e7os de Internet e telefonia pensados \u200b\u200b\u200b\u200bpara lhe oferecer uma liga\u00e7\u00e3o r\u00e1pida, est\u00e1vel e segura, com planos que se adaptam \u00e0s suas necessidades e um servi\u00e7o comprometido com a sua satisfa\u00e7\u00e3o.<\/span><\/p>\n<p><span style=\"font-weight: 400;\">O nosso objetivo \u00e9 oferecer solu\u00e7\u00f5es de telecomunica\u00e7\u00f5es completas e fi\u00e1veis \u200b\u200bao melhor pre\u00e7o, para que possa viver sempre ligado. Abaixo apresentamos os servi\u00e7os que temos para si.<\/span><\/p>\n<p>[\/et_pb_text][et_pb_heading title=&#8221;Os nossos servi\u00e7os de Internet e telefonia&#8221; _builder_version=&#8221;4.27.2&#8243; _module_preset=&#8221;default&#8221; title_level=&#8221;h3&#8243; title_text_color=&#8221;#0066ff&#8221; global_colors_info=&#8221;{}&#8221;][\/et_pb_heading][\/et_pb_column][\/et_pb_row][et_pb_row column_structure=&#8221;1_2,1_2&#8243; _builder_version=&#8221;4.27.2&#8243; _module_preset=&#8221;default&#8221; global_colors_info=&#8221;{}&#8221;][et_pb_column type=&#8221;1_2&#8243; _builder_version=&#8221;4.27.2&#8243; _module_preset=&#8221;default&#8221; global_colors_info=&#8221;{}&#8221;][et_pb_blurb title=&#8221;Planos de Internet Dom\u00e9stica&#8221; use_icon=&#8221;on&#8221; font_icon=&#8221;&#xf1eb;||fa||900&#8243; icon_color=&#8221;#0066ff&#8221; _builder_version=&#8221;4.27.2&#8243; _module_preset=&#8221;default&#8221; global_colors_info=&#8221;{}&#8221;]<\/p>\n<p><span style=\"font-weight: 400;\">Mantenha a sua casa ligada aos nossos planos de Internet dom\u00e9stica, que oferecem velocidades ideais para navegar, trabalhar, estudar e desfrutar de streaming de conte\u00fados sem interrup\u00e7\u00f5es. Os nossos planos incluem:<\/span><\/p>\n<ul>\n<li style=\"peso da fonte: 400;\" aria-level=\"1\"><b>Velocidades adaptadas \u00e0s suas necessidades<\/b><span style=\"font-weight: 400;\">, desde planos b\u00e1sicos at\u00e9 liga\u00e7\u00e3o de alta velocidade para fam\u00edlias e utilizadores intensivos.<\/span><\/li>\n<\/ul>\n<p>&nbsp;<\/p>\n<ul>\n<li style=\"peso da fonte: 400;\" aria-level=\"1\"><b>Liga\u00e7\u00e3o por fibra \u00f3tica<\/b><span style=\"font-weight: 400;\"> em \u00e1reas selecionadas para maior velocidade e estabilidade.<\/span><\/li>\n<\/ul>\n<p>&nbsp;<\/p>\n<ul>\n<li style=\"peso da fonte: 400;\" aria-level=\"1\"><b>Instala\u00e7\u00e3o r\u00e1pida e suporte t\u00e9cnico 24 horas por dia, 7 dias por semana<\/b><span style=\"font-weight: 400;\"> para que tenha sempre a melhor experi\u00eancia de navega\u00e7\u00e3o.<\/span>\u00a0<\/li>\n<\/ul>\n<p>&nbsp;<\/p>\n<ul>\n<li style=\"peso da fonte: 400;\" aria-level=\"1\"><span style=\"font-weight: 400;\">Op\u00e7\u00f5es de pacotes combinados<span style=\"font-weight: 400;\"> com telefonia para maior comodidade e economia.\u00a0<\/span><\/span><\/li>\n<\/ul>\n<p>[\/et_pb_blurb][\/et_pb_column][et_pb_column type=&#8221;1_2&#8243; _builder_version=&#8221;4.27.2&#8243; _module_preset=&#8221;default&#8221; global_colors_info=&#8221;{}&#8221;][et_pb_blurb title=&#8221;Internet para empresas&#8221; use_icon=&#8221;on&#8221; font_icon=&#8221;&#xf6ff;||fa||900&#8243; icon_color=&#8221;#0066ff&#8221; _builder_version=&#8221;4.27.2&#8243; _module_preset=&#8221;default&#8221; global_colors_info=&#8221;{}&#8221;]<\/p>\n<p><span style=\"font-weight: 400;\">Sabemos que a sua empresa precisa de uma liga\u00e7\u00e3o fi\u00e1vel para crescer. Os nossos planos de Internet para empresas foram pensados \u200b\u200bpara oferecer a estabilidade e a rapidez que a sua empresa exige, com vantagens como:<\/span><\/p>\n<ul>\n<li style=\"peso da fonte: 400;\" aria-level=\"1\"><b>Velocidades dedicadas e sim\u00e9tricas<\/b><span style=\"font-weight: 400;\">, ideais para atividades de grande tr\u00e1fego e videoconfer\u00eancias.<\/span><\/li>\n<\/ul>\n<p>&nbsp;<\/p>\n<ul>\n<li style=\"peso da fonte: 400;\" aria-level=\"1\"><b>Suporte t\u00e9cnico priorit\u00e1rio<\/b><span style=\"font-weight: 400;\"> e um gestor de contas especializado.<\/span><\/li>\n<\/ul>\n<p>&nbsp;<\/p>\n<ul>\n<li style=\"peso da fonte: 400;\" aria-level=\"1\"><b>Liga\u00e7\u00e3o de reserva<\/b><span style=\"font-weight: 400;\"> para garantir a continuidade das suas opera\u00e7\u00f5es em todos os momentos.<\/span><\/li>\n<\/ul>\n<p>&nbsp;<\/p>\n<ul>\n<li style=\"peso da fonte: 400;\" aria-level=\"1\"><span style=\"font-weight: 400;\">Op\u00e7\u00f5es de rede privada e solu\u00e7\u00f5es de seguran\u00e7a<span style=\"font-weight: 400;\"> para proteger os seus dados e que dos seus clientes.<\/span><\/span><\/li>\n<\/ul>\n<p>[\/et_pb_blurb][\/et_pb_column][\/et_pb_row][et_pb_row column_structure=&#8221;1_2,1_2&#8243; _builder_version=&#8221;4.27.2&#8243; _module_preset=&#8221;default&#8221; global_colors_info=&#8221;{}&#8221;][et_pb_column type=&#8221;1_2&#8243; _builder_version=&#8221;4.27.2&#8243; _module_preset=&#8221;default&#8221; global_colors_info=&#8221;{}&#8221;][et_pb_blurb title=&#8221;Planos de telem\u00f3vel&#8221; use_icon=&#8221;on&#8221; font_icon=&#8221;&#xf10b;||fa||900&#8243; icon_color=&#8221;#0066ff&#8221; _builder_version=&#8221;4.27.2&#8243; _module_preset=&#8221;default&#8221; global_colors_info=&#8221;{}&#8221;]<\/p>\n<p><span style=\"font-weight: 400;\">Mantenha-se ligado aos planos de telem\u00f3vel que lhe oferecem minutos e dados suficientes para as suas atividades di\u00e1rias, com cobertura nacional e internacional. Aproveite:<\/span><\/p>\n<ul>\n<li style=\"peso da fonte: 400;\" aria-level=\"1\"><b>Planos com chamadas e mensagens ilimitadas<\/b><span style=\"font-weight: 400;\"> dentro do pa\u00eds.<\/span><\/li>\n<li style=\"peso da fonte: 400;\" aria-level=\"1\"><span style=\"font-weight: 400;\">Pacotes de dados <\/span><b>flex\u00edveis<\/b><span style=\"font-weight: 400;\"> para que escolha a quantidade de gigabytes necess\u00e1ria.<\/span><\/li>\n<li style=\"peso da fonte: 400;\" aria-level=\"1\"><b>Roaming internacional<\/b><span style=\"font-weight: 400;\"> em destinos selecionados para que possa estar ligado onde quer que v\u00e1.<\/span><\/li>\n<li style=\"peso da fonte: 400;\" aria-level=\"1\"><b>Atendimento ao cliente dedicado<\/b><span style=\"font-weight: 400;\"> e uma aplica\u00e7\u00e3o para gerir o seu consumo em tempo real.<\/span><\/li>\n<\/ul>\n<p>[\/et_pb_blurb][\/et_pb_column][et_pb_column type=&#8221;1_2&#8243; _builder_version=&#8221;4.27.2&#8243; _module_preset=&#8221;default&#8221; global_colors_info=&#8221;{}&#8221;][et_pb_blurb title=&#8221;Telefonia Fixa Residencial e Empresarial&#8221; use_icon=&#8221;on&#8221; font_icon=&#8221;&#xe074;||divi||400&#8243; icon_color=&#8221;#0066ff&#8221; _builder_version=&#8221;4.27.2&#8243; _module_preset=&#8221;default&#8221; global_colors_info=&#8221;{}&#8221;]<\/p>\n<p><span style=\"font-weight: 400;\">Ligue a sua casa ou empresa com a nossa telefonia fixa, que garante uma comunica\u00e7\u00e3o clara e ininterrupta. Perfeito para chamadas locais e de longa dist\u00e2ncia, o nosso telefone fixo inclui:<\/span><\/p>\n<ul>\n<li style=\"peso da fonte: 400;\" aria-level=\"1\"><b>Planos com minutos ilimitados<\/b><span style=\"font-weight: 400;\"> para chamadas nacionais.<\/span><\/li>\n<\/ul>\n<p>&nbsp;<\/p>\n<ul>\n<li style=\"peso da fonte: 400;\" aria-level=\"1\"><span style=\"font-weight: 400;\">Tarifas competitivas para chamadas internacionais.<\/span><\/li>\n<\/ul>\n<p>&nbsp;<\/p>\n<ul>\n<li style=\"peso da fonte: 400;\" aria-level=\"1\"><b>Op\u00e7\u00f5es de central telef\u00f3nica virtual<\/b><span style=\"font-weight: 400;\"> para empresas, facilitando a gest\u00e3o de m\u00faltiplas linhas.<\/span><\/li>\n<\/ul>\n<p>&nbsp;<\/p>\n<ul>\n<li style=\"peso da fonte: 400;\" aria-level=\"1\"><b>Caracter\u00edsticas avan\u00e7adas<\/b><span style=\"font-weight: 400;\">, como o reencaminhamento de chamadas, o identificador de chamadas e o correio de voz.<\/span><\/li>\n<\/ul>\n<p>[\/et_pb_blurb][\/et_pb_column][\/et_pb_row][et_pb_row _builder_version=&#8221;4.27.2&#8243; _module_preset=&#8221;default&#8221; global_colors_info=&#8221;{}&#8221;][et_pb_column type=&#8221;4_4&#8243; _builder_version=&#8221;4.27.2&#8243; _module_preset=&#8221;default&#8221; global_colors_info=&#8221;{}&#8221;][et_pb_blurb title=&#8221;Pacotes Internet + Telefonia&#8221; use_icon=&#8221;on&#8221; font_icon=&#8221;&#xf796;||fa||900&#8243; icon_color=&#8221;#0066ff&#8221; _builder_version=&#8221;4.27.2&#8243; _module_preset=&#8221;default&#8221; global_colors_info=&#8221;{}&#8221;]<\/p>\n<p><span style=\"font-weight: 400;\">Simplifique os seus servi\u00e7os com os nossos pacotes combinados, que lhe permitem usufruir da Internet e da telefonia num \u00fanico plano, poupando custos e usufruindo de benef\u00edcios adicionais:<\/span>\u00a0<\/p>\n<ul>\n<li style=\"peso da fonte: 400;\" aria-level=\"1\"><b>Descontos exclusivos<\/b><span style=\"font-weight: 400;\"> na contrata\u00e7\u00e3o de servi\u00e7os combinados.<\/span><\/li>\n<\/ul>\n<p>&nbsp;<\/p>\n<ul>\n<li style=\"peso da fonte: 400;\" aria-level=\"1\"><b>Facilidade de gest\u00e3o<\/b><span style=\"font-weight: 400;\"> numa \u00fanica fatura mensal.<\/span><\/li>\n<\/ul>\n<p>&nbsp;<\/p>\n<ul>\n<li style=\"peso da fonte: 400;\" aria-level=\"1\"><span style=\"font-weight: 400;\">Op\u00e7\u00f5es personaliz\u00e1veis \u200b\u200bpara escolher a velocidade da Internet e o plano telef\u00f3nico mais adequados para si.<\/span><\/li>\n<\/ul>\n<p>[\/et_pb_blurb][\/et_pb_column][\/et_pb_row][et_pb_row _builder_version=&#8221;4.27.2&#8243; _module_preset=&#8221;default&#8221; global_colors_info=&#8221;{}&#8221;][et_pb_column type=&#8221;4_4&#8243; _builder_version=&#8221;4.27.2&#8243; _module_preset=&#8221;default&#8221; global_colors_info=&#8221;{}&#8221;][et_pb_text _builder_version=&#8221;4.27.2&#8243; _module_preset=&#8221;default&#8221; text_text_color=&#8221;#FFFFFF&#8221; header_3_text_color=&#8221;#FFFFFF&#8221; background_color=&#8221;#68a2ff&#8221; custom_padding=&#8221;2vw|2vw|2vw|2vw|false|false&#8221; global_colors_info=&#8221;{}&#8221;]<\/p>\n<p>&nbsp;<\/p>\n<h3><b>Porqu\u00ea escolher <\/b><b><i>Telecomunica\u00e7\u00f5es e Poupan\u00e7a<\/i><\/b><b>?<\/b><\/h3>\n<ul>\n<li style=\"peso da fonte: 400;\" aria-level=\"1\"><b>Planos Flex\u00edveis e Acess\u00edveis:<\/b><span style=\"font-weight: 400;\"> Oferecemos planos adaptados \u00e0s suas necessidades e or\u00e7amento, desde servi\u00e7os b\u00e1sicos a servi\u00e7os de alta velocidade liga\u00e7\u00f5es .<\/span><\/li>\n<\/ul>\n<p>&nbsp;<\/p>\n<ul>\n<li style=\"peso da fonte: 400;\" aria-level=\"1\"><b>Apoio T\u00e9cnico 24 horas por dia, 7 dias por semana:<\/b><span style=\"font-weight: 400;\"> A nossa equipa est\u00e1 sempre dispon\u00edvel para resolver qualquer problema ou d\u00favida.&lt;\/ intervalo&gt;<\/span><\/li>\n<\/ul>\n<p>&nbsp;<\/p>\n<ul>\n<li style=\"peso da fonte: 400;\" aria-level=\"1\"><b>Cobertura Nacional e Tecnologias Avan\u00e7adas:<\/b><span style=\"font-weight: 400;\"> Tecnologia de conectividade de alta qualidade e fibra \u00f3tica em \u00e1reas selecionadas para uma experi\u00eancia de melhoria utilizador.<\/span><\/li>\n<\/ul>\n<p>[\/et_pb_text][\/et_pb_column][\/et_pb_row][et_pb_row _builder_version=&#8221;4.27.2&#8243; _module_preset=&#8221;default&#8221; global_colors_info=&#8221;{}&#8221;][et_pb_column type=&#8221;4_4&#8243; _builder_version=&#8221;4.27.2&#8243; _module_preset=&#8221;default&#8221; global_colors_info=&#8221;{}&#8221;][et_pb_text _builder_version=&#8221;4.27.2&#8243; _module_preset=&#8221;default&#8221; global_colors_info=&#8221;{}&#8221;]<\/p>\n<p><b>Comece a usufruir da melhor liga\u00e7\u00e3o hoje mesmo<\/b><\/p>\n<p><span style=\"font-weight: 400;\">Se necessita de Internet, telefonia ou de um pacote combinado, em <\/span><i><span style=\"font-weight: 400;\">Telecom e Poupar<\/span><\/i><span style=\"font-weight: 400;\"> temos a solu\u00e7\u00e3o ideal para si. Contacte-nos para mais informa\u00e7\u00f5es e para receber aconselhamento personalizado. Estamos aqui para lhe oferecer a liga\u00e7\u00e3o que precisa para estar sempre perto do que \u00e9 mais importante para si.<\/span><\/p>\n<p>[\/et_pb_text][\/et_pb_column][\/et_pb_row][\/et_pb_section]<\/p>\n","protected":false},"excerpt":{"rendered":"<p>Telecom and Saving: Liga\u00e7\u00e3o e Comunica\u00e7\u00e3o de Qualidade Em Telecom and Saving, sabemos que num mundo cada vez mais digital, a conectividade \u00e9 essencial para estar perto dos seus entes queridos, trabalhar de forma eficiente e desfrutar de entretenimento sem interrup\u00e7\u00f5es. Por isso, desenvolvemos uma gama de servi\u00e7os de Internet e telefonia pensados \u200b\u200b\u200b\u200bpara lhe [&hellip;]<\/p>\n","protected":false},"author":2,"featured_media":0,"parent":0,"menu_order":0,"comment_status":"closed","ping_status":"closed","template":"","meta":{"_et_pb_use_builder":"on","_et_pb_old_content":"","_et_gb_content_width":"","footnotes":""},"class_list":["post-5227","page","type-page","status-publish","hentry"],"_links":{"self":[{"href":"https:\/\/www.telecomandsaving.com\/pt-pt\/wp-json\/wp\/v2\/pages\/5227","targetHints":{"allow":["GET"]}}],"collection":[{"href":"https:\/\/www.telecomandsaving.com\/pt-pt\/wp-json\/wp\/v2\/pages"}],"about":[{"href":"https:\/\/www.telecomandsaving.com\/pt-pt\/wp-json\/wp\/v2\/types\/page"}],"author":[{"embeddable":true,"href":"https:\/\/www.telecomandsaving.com\/pt-pt\/wp-json\/wp\/v2\/users\/2"}],"replies":[{"embeddable":true,"href":"https:\/\/www.telecomandsaving.com\/pt-pt\/wp-json\/wp\/v2\/comments?post=5227"}],"version-history":[{"count":17,"href":"https:\/\/www.telecomandsaving.com\/pt-pt\/wp-json\/wp\/v2\/pages\/5227\/revisions"}],"predecessor-version":[{"id":6211,"href":"https:\/\/www.telecomandsaving.com\/pt-pt\/wp-json\/wp\/v2\/pages\/5227\/revisions\/6211"}],"wp:attachment":[{"href":"https:\/\/www.telecomandsaving.com\/pt-pt\/wp-json\/wp\/v2\/media?parent=5227"}],"curies":[{"name":"wp","href":"https:\/\/api.w.org\/{rel}","templated":true}]}}