{"id":5221,"date":"2024-11-07T16:00:24","date_gmt":"2024-11-07T15:00:24","guid":{"rendered":"https:\/\/www.telecomandsaving.com\/ubezpieczenie\/"},"modified":"2024-11-14T09:59:22","modified_gmt":"2024-11-14T08:59:22","slug":"internet-i-telefonia","status":"publish","type":"page","link":"https:\/\/www.telecomandsaving.com\/pl\/internet-i-telefonia\/","title":{"rendered":"Internet i telefonia"},"content":{"rendered":"<p>[et_pb_section fb_built=&#8221;1&#8243; _builder_version=&#8221;4.27.2&#8243; _module_preset=&#8221;default&#8221; global_colors_info=&#8221;{}&#8221;][et_pb_row _builder_version=&#8221;4.27.2&#8243; _module_preset=&#8221;default&#8221; global_colors_info=&#8221;{}&#8221;][et_pb_column type=&#8221;4_4&#8243; _builder_version=&#8221;4.27.2&#8243; _module_preset=&#8221;default&#8221; global_colors_info=&#8221;{}&#8221;][et_pb_text _builder_version=&#8221;4.27.2&#8243; _module_preset=&#8221;default&#8221; global_colors_info=&#8221;{}&#8221;]<\/p>\n<h2><b>Telecom and Saving oszcz\u0119dzanie: po\u0142\u0105czenie i jako\u015b\u0107 komunikacji<\/b><\/h2>\n<p><span style=\"font-weight: 400;\">W <\/span><i><span style=\"font-weight: 400;\">Telekomunikacja i oszcz\u0119dzanie<\/span><\/i><span style=\"font-weight: 400;\"> wiemy, \u017ce w coraz bardziej cyfrowym \u015bwiecie \u0142\u0105czno\u015b\u0107 jest niezb\u0119dna, aby by\u0107 blisko bliskich, wydajnie pracowa\u0107 i cieszy\u0107 si\u0119 rozrywk\u0105 bez przerw. Z tego powodu opracowali\u015bmy szereg us\u0142ug internetowych i telefonicznych, kt\u00f3rych celem jest zapewnienie szybkiego, stabilnego i bezpiecznego po\u0142\u0105czenia, z planami dostosowuj\u0105cymi si\u0119 do Twoich potrzeb i obs\u0142ug\u0105 klienta dbaj\u0105c\u0105 o Twoj\u0105 satysfakcj\u0119.<\/span><\/p>\n<p><span style=\"font-weight: 400;\">Naszym celem jest oferowanie kompletnych, niezawodnych rozwi\u0105za\u0144 telekomunikacyjnych w najlepszej cenie, aby\u015b m\u00f3g\u0142 zawsze cieszy\u0107 si\u0119 po\u0142\u0105czeniem. Poni\u017cej przedstawiamy us\u0142ugi, jakie mamy dla Ciebie.<\/span><\/p>\n<p>[\/et_pb_text][et_pb_heading title=&#8221;Nasze us\u0142ugi internetowe i telefoniczne&#8221; _builder_version=&#8221;4.27.2&#8243; _module_preset=&#8221;default&#8221; title_level=&#8221;h3&#8243; title_text_color=&#8221;#0066ff&#8221; hover_enabled=&#8221;0&#8243; global_colors_info=&#8221;{}&#8221; sticky_enabled=&#8221;0&#8243;][\/et_pb_heading][\/et_pb_column][\/et_pb_row][et_pb_row column_structure=&#8221;1_2,1_2&#8243; _builder_version=&#8221;4.27.2&#8243; _module_preset=&#8221;default&#8221; global_colors_info=&#8221;{}&#8221;][et_pb_column type=&#8221;1_2&#8243; _builder_version=&#8221;4.27.2&#8243; _module_preset=&#8221;default&#8221; global_colors_info=&#8221;{}&#8221;][et_pb_blurb title=&#8221;Domowe plany internetowe&#8221; use_icon=&#8221;on&#8221; font_icon=&#8221;&#xf1eb;||fa||900&#8243; icon_color=&#8221;#0066ff&#8221; _builder_version=&#8221;4.27.2&#8243; _module_preset=&#8221;default&#8221; global_colors_info=&#8221;{}&#8221;]<\/p>\n<p><span style=\"font-weight: 400;\">Utrzymuj po\u0142\u0105czenie w domu dzi\u0119ki naszym planom Internetu domowego, kt\u00f3re oferuj\u0105 optymalne pr\u0119dko\u015bci do przegl\u0105dania, pracy, nauki i korzystania z tre\u015bci przesy\u0142anych strumieniowo bez przerw. Nasze plany obejmuj\u0105:<\/span><\/p>\n<ul>\n<li style=\"waga czcionki: 400;\" aria-level=\"1\"><b>Pr\u0119dko\u015bci dostosowane do Twoich potrzeb<\/b><span style=\"font-weight: 400;\">, od plan\u00f3w podstawowych po szybkie \u0142\u0105cze dla rodzin i intensywnych u\u017cytkownik\u00f3w.<\/ rozpi\u0119to\u015b\u0107><\/li>\n<\/ul>\n<p>&nbsp;<\/p>\n<ul>\n<li style=\"waga czcionki: 400;\" aria-level=\"1\"><b>Po\u0142\u0105czenie \u015bwiat\u0142owodowe<\/b><span style=\"font-weight: 400;\"> w wybranych obszarach dla wi\u0119kszej szybko\u015bci i stabilno\u015bci.<\/span><\/li>\n<\/ul>\n<p>&nbsp;<\/p>\n<ul>\n<li style=\"waga czcionki: 400;\" aria-level=\"1\"><b>Szybka instalacja i ca\u0142odobowa pomoc techniczna<\/b><span style=\"font-weight: 400;\"> dzi\u0119ki czemu zawsze b\u0119dziesz mie\u0107 najlepsze do\u015bwiadczenie podczas przegl\u0105dania.<\/span> < \/li>\n<\/ul>\n<p>&nbsp;<\/p>\n<ul>\n<li style=\"waga czcionki: 400;\" aria-level=\"1\"><span style=\"font-weight: 400;\">Opcje pakietu \u0142\u0105czonego<\/b><span style=\"font-weight: 400;\"> z telefoni\u0105 dla wi\u0119kszej wygody i oszcz\u0119dno\u015bci.< \/rozpi\u0119to\u015b\u0107><\/li>\n<\/ul>\n<p>[\/et_pb_blurb][\/et_pb_column][et_pb_column type=&#8221;1_2&#8243; _builder_version=&#8221;4.27.2&#8243; _module_preset=&#8221;default&#8221; global_colors_info=&#8221;{}&#8221;][et_pb_blurb title=&#8221;Internet dla Biznesu&#8221; use_icon=&#8221;on&#8221; font_icon=&#8221;&#xf6ff;||fa||900&#8243; icon_color=&#8221;#0066ff&#8221; _builder_version=&#8221;4.27.2&#8243; _module_preset=&#8221;default&#8221; global_colors_info=&#8221;{}&#8221;]<\/p>\n<p><span style=\"font-weight: 400;\">Wiemy, \u017ce Twoja firma potrzebuje niezawodnego po\u0142\u0105czenia, aby si\u0119 rozwija\u0107. Nasze plany internetowe dla firm zosta\u0142y zaprojektowane tak, aby zapewni\u0107 stabilno\u015b\u0107 i szybko\u015b\u0107, kt\u00f3rych wymaga Twoja firma, z takimi zaletami, jak:<\/span><\/p>\n<ul>\n<li style=\"waga czcionki: 400;\" aria-level=\"1\"><b>Dedykowane i symetryczne pr\u0119dko\u015bci<\/b><span style=\"font-weight: 400;\">, idealne do dzia\u0142a\u0144 o du\u017cym nat\u0119\u017ceniu ruchu i wideokonferencji.<\/span><\/li >\n<\/ul>\n<p>&nbsp;<\/p>\n<ul>\n<li style=\"waga czcionki: 400;\" aria-level=\"1\"><b>Priorytetowa pomoc techniczna<\/b><span style=\"font-weight: 400;\"> i wyspecjalizowany opiekun klienta.<\/span><\/li>\n<\/ul>\n<p>&nbsp;<\/p>\n<ul>\n<li style=\"waga czcionki: 400;\" aria-level=\"1\"><b>Po\u0142\u0105czenie zapasowe<\/b><span style=\"font-weight: 400;\">, aby zapewni\u0107 ci\u0105g\u0142o\u015b\u0107 operacji przez ca\u0142y czas.<\/span><\/li>\n<\/ul>\n<p>&nbsp;<\/p>\n<ul>\n<li style=\"waga czcionki: 400;\" aria-level=\"1\"><span style=\"font-weight: 400;\">Opcje sieci prywatnych i rozwi\u0105zania bezpiecze\u0144stwa<\/b><span style=\"font-weight: 400 ;\"> w celu ochrony Twoich danych i nie tylko Twoich klient\u00f3w.<\/span><\/li>\n<\/ul>\n<p>[\/et_pb_blurb][\/et_pb_column][\/et_pb_row][et_pb_row column_structure=&#8221;1_2,1_2&#8243; _builder_version=&#8221;4.27.2&#8243; _module_preset=&#8221;default&#8221; global_colors_info=&#8221;{}&#8221;][et_pb_column type=&#8221;1_2&#8243; _builder_version=&#8221;4.27.2&#8243; _module_preset=&#8221;default&#8221; global_colors_info=&#8221;{}&#8221;][et_pb_blurb title=&#8221;Plany telefon\u00f3w kom\u00f3rkowych&#8221; use_icon=&#8221;on&#8221; font_icon=&#8221;&#xf10b;||fa||900&#8243; icon_color=&#8221;#0066ff&#8221; _builder_version=&#8221;4.27.2&#8243; _module_preset=&#8221;default&#8221; global_colors_info=&#8221;{}&#8221;]<\/p>\n<p><span style=\"font-weight: 400;\">Pozosta\u0144 w kontakcie dzi\u0119ki planom telefonii kom\u00f3rkowej, kt\u00f3re oferuj\u0105 wystarczaj\u0105c\u0105 liczb\u0119 minut i danych do codziennych czynno\u015bci, z zasi\u0119giem krajowym i mi\u0119dzynarodowym. Ciesz si\u0119:<\/span><\/p>\n<ul>\n<li style=\"waga czcionki: 400;\" aria-level=\"1\"><b>Plany z nieograniczon\u0105 liczb\u0105 rozm\u00f3w i wiadomo\u015bci<\/b><span style=\"font-weight: 400;\"> na terenie kraju.<\/span><\/li>\n<li style=\"waga czcionki: 400;\" aria-level=\"1\"><span style=\"font-weight: 400;\">Elastyczne <\/span><b>pakiety danych<\/b><span style=\"font-weight: 400;\"> dla Ciebie wybierz ilo\u015b\u0107 potrzebnych gigabajt\u00f3w.<\/span><\/li>\n<li style=\"waga czcionki: 400;\" aria-level=\"1\"><b>Roaming mi\u0119dzynarodowy<\/b><span style=\"font-weight: 400;\"> w wybranych miejscach docelowych, dzi\u0119ki czemu pozostaniesz w kontakcie, gdziekolwiek si\u0119 udasz.<\/span><\/li>\n<li style=\"waga czcionki: 400;\" aria-level=\"1\"><b>Dedykowana obs\u0142uga klienta<\/b><span style=\"font-weight: 400;\"> i aplikacja do zarz\u0105dzania zu\u017cyciem w czasie rzeczywistym.<\/span>< \/li>\n<\/ul>\n<p>[\/et_pb_blurb][\/et_pb_column][et_pb_column type=&#8221;1_2&#8243; _builder_version=&#8221;4.27.2&#8243; _module_preset=&#8221;default&#8221; global_colors_info=&#8221;{}&#8221;][et_pb_blurb title=&#8221;Telefonia stacjonarna dla gospodarstw domowych i firm&#8221; use_icon=&#8221;on&#8221; font_icon=&#8221;&#xe074;||divi||400&#8243; icon_color=&#8221;#0066ff&#8221; _builder_version=&#8221;4.27.2&#8243; _module_preset=&#8221;default&#8221; global_colors_info=&#8221;{}&#8221;]<\/p>\n<p><span style=\"font-weight: 400;\">Po\u0142\u0105cz sw\u00f3j dom lub firm\u0119 z nasz\u0105 telefoni\u0105 stacjonarn\u0105, kt\u00f3ra gwarantuje wyra\u017an\u0105 i niezak\u0142\u00f3con\u0105 komunikacj\u0119. Idealny do po\u0142\u0105cze\u0144 lokalnych i mi\u0119dzymiastowych, nasza linia stacjonarna obejmuje:<\/span><\/p>\n<ul>\n<li style=\"waga czcionki: 400;\" aria-level=\"1\"><b>Plany z nielimitowanymi minutami<\/b><span style=\"font-weight: 400;\"> na po\u0142\u0105czenia krajowe.<\/span><\/li>\n<\/ul>\n<p>&nbsp;<\/p>\n<ul>\n<li style=\"waga czcionki: 400;\" aria-level=\"1\"><span style=\"font-weight: 400;\">Konkurencyjne stawki za po\u0142\u0105czenia mi\u0119dzynarodowe.<\/span><\/li>\n<\/ul>\n<p>&nbsp;<\/p>\n<ul>\n<li style=\"waga czcionki: 400;\" aria-level=\"1\"><b>Opcje wirtualnej centrali<\/b><span style=\"font-weight: 400;\"> dla firm, u\u0142atwiaj\u0105ce zarz\u0105dzanie wieloma liniami.<\/span><\/li>\n<\/ul>\n<p>&nbsp;<\/p>\n<ul>\n<li style=\"waga czcionki: 400;\" aria-level=\"1\"><b>Zaawansowane funkcje<\/b><span style=\"font-weight: 400;\">, takie jak przekazywanie po\u0142\u0105cze\u0144, identyfikacja dzwoni\u0105cego i poczta g\u0142osowa.<\/span><\/ li>\n<\/ul>\n<p>[\/et_pb_blurb][\/et_pb_column][\/et_pb_row][et_pb_row _builder_version=&#8221;4.27.2&#8243; _module_preset=&#8221;default&#8221; global_colors_info=&#8221;{}&#8221;][et_pb_column type=&#8221;4_4&#8243; _builder_version=&#8221;4.27.2&#8243; _module_preset=&#8221;default&#8221; global_colors_info=&#8221;{}&#8221;][et_pb_blurb title=&#8221;Pakiety Internet + Telefonia&#8221; use_icon=&#8221;on&#8221; font_icon=&#8221;&#xf796;||fa||900&#8243; icon_color=&#8221;#0066ff&#8221; _builder_version=&#8221;4.27.2&#8243; _module_preset=&#8221;default&#8221; global_colors_info=&#8221;{}&#8221;]<\/p>\n<p><span style=\"font-weight: 400;\">Upro\u015b\u0107 swoje us\u0142ugi dzi\u0119ki naszym po\u0142\u0105czonym pakietom, kt\u00f3re pozwalaj\u0105 cieszy\u0107 si\u0119 Internetem i telefoni\u0105 w jednym planie, oszcz\u0119dzaj\u0105c na kosztach i ciesz\u0105c si\u0119 dodatkowymi korzy\u015bciami:<\/span> < \/p><\/p>\n<ul>\n<li style=\"waga czcionki: 400;\" aria-level=\"1\"><b>Ekskluzywne rabaty<\/b><span style=\"font-weight: 400;\"> przy umowie na us\u0142ugi \u0142\u0105czone.<\/span><\/li>\n<\/ul>\n<p>&nbsp;<\/p>\n<ul>\n<li style=\"waga czcionki: 400;\" aria-level=\"1\"><b>\u0141atwo\u015b\u0107 zarz\u0105dzania<\/b><span style=\"font-weight: 400;\"> w ramach jednej miesi\u0119cznej faktury.<\/span><\/li>\n<\/ul>\n<p>&nbsp;<\/p>\n<ul>\n<li style=\"waga czcionki: 400;\" aria-level=\"1\"><span style=\"font-weight: 400;\">Mo\u017cliwo\u015b\u0107 dostosowania opcji pozwalaj\u0105cych wybra\u0107 najlepsz\u0105 dla Ciebie pr\u0119dko\u015b\u0107 Internetu i plan telefoniczny.<\/span><\/li>\n<\/ul>\n<p>[\/et_pb_blurb][\/et_pb_column][\/et_pb_row][et_pb_row _builder_version=&#8221;4.27.2&#8243; _module_preset=&#8221;default&#8221; global_colors_info=&#8221;{}&#8221;][et_pb_column type=&#8221;4_4&#8243; _builder_version=&#8221;4.27.2&#8243; _module_preset=&#8221;default&#8221; global_colors_info=&#8221;{}&#8221;][et_pb_text _builder_version=&#8221;4.27.2&#8243; _module_preset=&#8221;default&#8221; text_text_color=&#8221;#FFFFFF&#8221; header_3_text_color=&#8221;#FFFFFF&#8221; background_color=&#8221;#68a2ff&#8221; custom_padding=&#8221;2vw|2vw|2vw|2vw|false|false&#8221; global_colors_info=&#8221;{}&#8221;]<\/p>\n<p>&nbsp;<\/p>\n<h3><b>Dlaczego wybra\u0107 <\/b><b><i>Telekomunikacj\u0119 i oszcz\u0119dzanie<\/i><\/b><b>?<\/b><\/h3>\n<ul>\n<li style=\"waga czcionki: 400;\" aria-level=\"1\"><b>Plany elastyczne i niedrogie:<\/b><span style=\"font-weight: 400;\"> Oferujemy plany dostosowane do Twoich potrzeb i bud\u017cetu, od us\u0142ug podstawowych po szybkie po\u0142\u0105czenia.<\/span><\/li>\n<\/ul>\n<p>&nbsp;<\/p>\n<ul>\n<li style=\"waga czcionki: 400;\" aria-level=\"1\"><b>Pomoc techniczna 24 godziny na dob\u0119, 7 dni w tygodniu:<\/b><span style=\"font-weight: 400;\"> Nasz zesp\u00f3\u0142 jest zawsze dost\u0119pny, aby rozwi\u0105za\u0107 ka\u017cdy problem lub zapytanie.<\/b><span style=\"font-weight: 400;\"> rozpi\u0119to\u015b\u0107><\/li>\n<\/ul>\n<p>&nbsp;<\/p>\n<ul>\n<li style=\"waga czcionki: 400;\" aria-level=\"1\"><b>Zasi\u0119g krajowy i zaawansowane technologie:<\/b><span style=\"font-weight: 400;\"> Wysokiej jako\u015bci \u0142\u0105czno\u015b\u0107 i technologia \u015bwiat\u0142owodowa w wybranych obszarach zapewniaj\u0105ca lepsz\u0105 jako\u015b\u0107 u\u017cytkownik.<\/span><\/li>\n<\/ul>\n<p>[\/et_pb_text][\/et_pb_column][\/et_pb_row][et_pb_row _builder_version=&#8221;4.27.2&#8243; _module_preset=&#8221;default&#8221; global_colors_info=&#8221;{}&#8221;][et_pb_column type=&#8221;4_4&#8243; _builder_version=&#8221;4.27.2&#8243; _module_preset=&#8221;default&#8221; global_colors_info=&#8221;{}&#8221;][et_pb_text _builder_version=&#8221;4.27.2&#8243; _module_preset=&#8221;default&#8221; global_colors_info=&#8221;{}&#8221;]<\/p>\n<p><b>Zacznij cieszy\u0107 si\u0119 najlepszym po\u0142\u0105czeniem ju\u017c dzi\u015b<\/b><\/p>\n<p><span style=\"font-weight: 400;\">Niezale\u017cnie od tego, czy potrzebujesz Internetu, telefonii czy pakietu \u0142\u0105czonego, w <\/span><i><span style=\"font-weight: 400;\">Telekomunikacja i Oszcz\u0119dno\u015b\u0107<\/span><\/i><span style=\"font-weight: 400;\"> mamy dla Ciebie idealne rozwi\u0105zanie. Skontaktuj si\u0119 z nami, aby uzyska\u0107 wi\u0119cej informacji i otrzyma\u0107 spersonalizowan\u0105 porad\u0119. Jeste\u015bmy tutaj, aby zaoferowa\u0107 Ci po\u0142\u0105czenie, kt\u00f3rego potrzebujesz, aby zawsze by\u0107 blisko tego, co dla Ciebie najwa\u017cniejsze.<\/span><\/p>\n<p>[\/et_pb_text][\/et_pb_column][\/et_pb_row][\/et_pb_section]<\/p>\n","protected":false},"excerpt":{"rendered":"<p>Telecom and Saving oszcz\u0119dzanie: po\u0142\u0105czenie i jako\u015b\u0107 komunikacji W Telekomunikacja i oszcz\u0119dzanie wiemy, \u017ce w coraz bardziej cyfrowym \u015bwiecie \u0142\u0105czno\u015b\u0107 jest niezb\u0119dna, aby by\u0107 blisko bliskich, wydajnie pracowa\u0107 i cieszy\u0107 si\u0119 rozrywk\u0105 bez przerw. Z tego powodu opracowali\u015bmy szereg us\u0142ug internetowych i telefonicznych, kt\u00f3rych celem jest zapewnienie szybkiego, stabilnego i bezpiecznego po\u0142\u0105czenia, z planami dostosowuj\u0105cymi [&hellip;]<\/p>\n","protected":false},"author":2,"featured_media":0,"parent":0,"menu_order":0,"comment_status":"closed","ping_status":"closed","template":"","meta":{"_et_pb_use_builder":"on","_et_pb_old_content":"","_et_gb_content_width":"","footnotes":""},"class_list":["post-5221","page","type-page","status-publish","hentry"],"_links":{"self":[{"href":"https:\/\/www.telecomandsaving.com\/pl\/wp-json\/wp\/v2\/pages\/5221","targetHints":{"allow":["GET"]}}],"collection":[{"href":"https:\/\/www.telecomandsaving.com\/pl\/wp-json\/wp\/v2\/pages"}],"about":[{"href":"https:\/\/www.telecomandsaving.com\/pl\/wp-json\/wp\/v2\/types\/page"}],"author":[{"embeddable":true,"href":"https:\/\/www.telecomandsaving.com\/pl\/wp-json\/wp\/v2\/users\/2"}],"replies":[{"embeddable":true,"href":"https:\/\/www.telecomandsaving.com\/pl\/wp-json\/wp\/v2\/comments?post=5221"}],"version-history":[{"count":11,"href":"https:\/\/www.telecomandsaving.com\/pl\/wp-json\/wp\/v2\/pages\/5221\/revisions"}],"predecessor-version":[{"id":6112,"href":"https:\/\/www.telecomandsaving.com\/pl\/wp-json\/wp\/v2\/pages\/5221\/revisions\/6112"}],"wp:attachment":[{"href":"https:\/\/www.telecomandsaving.com\/pl\/wp-json\/wp\/v2\/media?parent=5221"}],"curies":[{"name":"wp","href":"https:\/\/api.w.org\/{rel}","templated":true}]}}