{"id":5210,"date":"2024-11-07T15:51:07","date_gmt":"2024-11-07T14:51:07","guid":{"rendered":"https:\/\/www.telecomandsaving.com\/assurance\/"},"modified":"2024-11-13T16:44:54","modified_gmt":"2024-11-13T15:44:54","slug":"internet-et-telephone","status":"publish","type":"page","link":"https:\/\/www.telecomandsaving.com\/fr\/internet-et-telephone\/","title":{"rendered":"Internet et t\u00e9l\u00e9phone"},"content":{"rendered":"<p>[et_pb_section fb_built=\u00a0\u00bb1&Prime; _builder_version=\u00a0\u00bb4.27.2&Prime; _module_preset=\u00a0\u00bbdefault\u00a0\u00bb global_colors_info=\u00a0\u00bb{}\u00a0\u00bb][et_pb_row _builder_version=\u00a0\u00bb4.27.2&Prime; _module_preset=\u00a0\u00bbdefault\u00a0\u00bb global_colors_info=\u00a0\u00bb{}\u00a0\u00bb][et_pb_column type=\u00a0\u00bb4_4&Prime; _builder_version=\u00a0\u00bb4.27.2&Prime; _module_preset=\u00a0\u00bbdefault\u00a0\u00bb global_colors_info=\u00a0\u00bb{}\u00a0\u00bb][et_pb_text _builder_version=\u00a0\u00bb4.27.2&Prime; _module_preset=\u00a0\u00bbdefault\u00a0\u00bb global_colors_info=\u00a0\u00bb{}\u00a0\u00bb]<\/p>\n<h2><b>Telecom and Saving: connexion et communication de qualit\u00e9<\/b><\/h2>\n<p><span style=\"font-weight: 400;\">Chez <\/span><i><span style=\"font-weight: 400;\">Telecom and Saving<\/span><\/i><span style=\"font-weight: 400;\">, nous savons que dans un monde de plus en plus num\u00e9rique, la connectivit\u00e9 est essentielle pour \u00eatre proche de ses proches, travailler efficacement et profiter de ses divertissements sans interruption. C&rsquo;est pourquoi nous avons d\u00e9velopp\u00e9 une gamme de services Internet et t\u00e9l\u00e9phoniques con\u00e7us pour vous offrir une connexion rapide, stable et s\u00e9curis\u00e9e, avec des forfaits qui s&rsquo;adaptent \u00e0 vos besoins et un service client engag\u00e9 \u00e0 votre satisfaction.<\/span><\/p>\n<p><span style=\"font-weight: 400;\">Notre objectif est de vous proposer des solutions de t\u00e9l\u00e9communications compl\u00e8tes et fiables au meilleur prix, pour que vous puissiez vivre connect\u00e9 \u00e0 tout moment. Ci-dessous, nous vous pr\u00e9sentons les services que nous avons pour vous.<\/span><\/p>\n<p>[\/et_pb_text][et_pb_heading title=\u00a0\u00bbNos services Internet et T\u00e9l\u00e9phonie\u00a0\u00bb _builder_version=\u00a0\u00bb4.27.2&Prime; _module_preset=\u00a0\u00bbdefault\u00a0\u00bb title_level=\u00a0\u00bbh3&Prime; title_text_color=\u00a0\u00bb#0066ff\u00a0\u00bb global_colors_info=\u00a0\u00bb{}\u00a0\u00bb][\/et_pb_heading][\/et_pb_column][\/et_pb_row][et_pb_row column_structure=\u00a0\u00bb1_2,1_2&Prime; _builder_version=\u00a0\u00bb4.27.2&Prime; _module_preset=\u00a0\u00bbdefault\u00a0\u00bb global_colors_info=\u00a0\u00bb{}\u00a0\u00bb][et_pb_column type=\u00a0\u00bb1_2&Prime; _builder_version=\u00a0\u00bb4.27.2&Prime; _module_preset=\u00a0\u00bbdefault\u00a0\u00bb global_colors_info=\u00a0\u00bb{}\u00a0\u00bb][et_pb_blurb title=\u00a0\u00bbForfaits Internet r\u00e9sidentiels\u00a0\u00bb use_icon=\u00a0\u00bbon\u00a0\u00bb font_icon=\u00a0\u00bb&#xf1eb;||fa||900&Prime; icon_color=\u00a0\u00bb#0066ff\u00a0\u00bb _builder_version=\u00a0\u00bb4.27.2&Prime; _module_preset=\u00a0\u00bbdefault\u00a0\u00bb global_colors_info=\u00a0\u00bb{}\u00a0\u00bb]<\/p>\n<p><span style=\"font-weight: 400;\">Gardez votre maison connect\u00e9e gr\u00e2ce \u00e0 nos forfaits Internet r\u00e9sidentiels, qui offrent des vitesses optimales pour naviguer, travailler, \u00e9tudier et profiter du contenu en streaming sans interruption. Nos plans comprennent\u00a0:<\/span><\/p>\n<ul>\n<li style=\"font-weight: 400;\" aria-level=\"1\"><b>Des d\u00e9bits adapt\u00e9s \u00e0 vos besoins,<\/b><span style=\"font-weight: 400;\">, du forfait de base \u00e0 la connexion haut d\u00e9bit pour les familles et les utilisateurs intensifs<\/span><\/li>\n<\/ul>\n<p><span style=\"font-weight: 400;\"><\/span><\/p>\n<ul>\n<li style=\"font-weight: 400;\" aria-level=\"1\"><b>Connexion fibre optique<\/b><span style=\"font-weight: 400;\"> dans des zones s\u00e9lectionn\u00e9es pour une plus grande vitesse et stabilit\u00e9.<\/span><\/li>\n<\/ul>\n<p><span style=\"font-weight: 400;\"><\/span><\/p>\n<ul>\n<li style=\"font-weight: 400;\" aria-level=\"1\"><b>Installation rapide et assistance technique<\/b><span style=\"font-weight: 400;\"> 24h\/24 et 7j\/7 pour que vous ayez toujours la meilleure exp\u00e9rience de navigation.<\/span><\/li>\n<\/ul>\n<p><span style=\"font-weight: 400;\"><\/span><\/p>\n<ul>\n<li style=\"font-weight: 400;\" aria-level=\"1\"><span style=\"font-weight: 400;\">Options de  <\/span><b>forfaits combin\u00e9s<\/b><span style=\"font-weight: 400;\">avec la t\u00e9l\u00e9phonie pour plus de commodit\u00e9 et d&rsquo;\u00e9conomies.<\/span><\/li>\n<\/ul>\n<p>[\/et_pb_blurb][\/et_pb_column][et_pb_column type=\u00a0\u00bb1_2&Prime; _builder_version=\u00a0\u00bb4.27.2&Prime; _module_preset=\u00a0\u00bbdefault\u00a0\u00bb global_colors_info=\u00a0\u00bb{}\u00a0\u00bb][et_pb_blurb title=\u00a0\u00bbInternet pour les entreprises\u00a0\u00bb use_icon=\u00a0\u00bbon\u00a0\u00bb font_icon=\u00a0\u00bb&#xf6ff;||fa||900&Prime; icon_color=\u00a0\u00bb#0066ff\u00a0\u00bb _builder_version=\u00a0\u00bb4.27.2&Prime; _module_preset=\u00a0\u00bbdefault\u00a0\u00bb global_colors_info=\u00a0\u00bb{}\u00a0\u00bb]<\/p>\n<p><span style=\"font-weight: 400;\">Nous savons que votre entreprise a besoin d\u2019une connexion fiable pour se d\u00e9velopper. Nos forfaits Internet pour entreprises sont con\u00e7us pour vous offrir la stabilit\u00e9 et la rapidit\u00e9 dont votre entreprise a besoin, avec des avantages tels que :<\/span><\/p>\n<ul>\n<li style=\"font-weight: 400;\" aria-level=\"1\"><b>Vitesses d\u00e9di\u00e9es et sym\u00e9triques,<\/b><span style=\"font-weight: 400;\">, id\u00e9ales pour les activit\u00e9s \u00e0 fort trafic et les vid\u00e9oconf\u00e9rences.<\/span><\/li>\n<\/ul>\n<p><span style=\"font-weight: 400;\"><\/span><\/p>\n<ul>\n<li style=\"font-weight: 400;\" aria-level=\"1\"><b>Un support technique<\/b><span style=\"font-weight: 400;\"> prioritaire et un gestionnaire de compte sp\u00e9cialis\u00e9.<\/span><\/li>\n<\/ul>\n<p><span style=\"font-weight: 400;\"><\/span><\/p>\n<ul>\n<li style=\"font-weight: 400;\" aria-level=\"1\"><b>Connexion de secours<\/b><span style=\"font-weight: 400;\"> pour assurer la continuit\u00e9 de vos op\u00e9rations \u00e0 tout moment.<\/span><\/li>\n<\/ul>\n<p><span style=\"font-weight: 400;\"><\/span><\/p>\n<ul>\n<li style=\"font-weight: 400;\" aria-level=\"1\"><span style=\"font-weight: 400;\">Options de <\/span><b>r\u00e9seau priv\u00e9 et solutions de s\u00e9curit\u00e9<\/b><span style=\"font-weight: 400;\"> pour prot\u00e9ger vos donn\u00e9es et celles de vos clients.<\/span><\/li>\n<\/ul>\n<p>[\/et_pb_blurb][\/et_pb_column][\/et_pb_row][et_pb_row column_structure=\u00a0\u00bb1_2,1_2&Prime; _builder_version=\u00a0\u00bb4.27.2&Prime; _module_preset=\u00a0\u00bbdefault\u00a0\u00bb global_colors_info=\u00a0\u00bb{}\u00a0\u00bb][et_pb_column type=\u00a0\u00bb1_2&Prime; _builder_version=\u00a0\u00bb4.27.2&Prime; _module_preset=\u00a0\u00bbdefault\u00a0\u00bb global_colors_info=\u00a0\u00bb{}\u00a0\u00bb][et_pb_blurb title=\u00a0\u00bbForfaits de t\u00e9l\u00e9phonie mobile\u00a0\u00bb use_icon=\u00a0\u00bbon\u00a0\u00bb font_icon=\u00a0\u00bb&#xf10b;||fa||900&Prime; icon_color=\u00a0\u00bb#0066ff\u00a0\u00bb _builder_version=\u00a0\u00bb4.27.2&Prime; _module_preset=\u00a0\u00bbdefault\u00a0\u00bb global_colors_info=\u00a0\u00bb{}\u00a0\u00bb]<\/p>\n<p><span style=\"font-weight: 400;\">Restez connect\u00e9 avec des forfaits de t\u00e9l\u00e9phonie mobile offrant suffisamment de minutes et de donn\u00e9es pour vos activit\u00e9s quotidiennes, avec une couverture nationale et internationale. Appr\u00e9cier:<\/span><\/p>\n<ul>\n<li style=\"font-weight: 400;\" aria-level=\"1\"><b>Forfaits avec appels et messages illimit\u00e9s<\/b><span style=\"font-weight: 400;\"> dans le pays.<\/span><\/li>\n<li style=\"font-weight: 400;\" aria-level=\"1\"><span style=\"font-weight: 400;\">Forfaits de donn\u00e9es flexibles <\/span><b>datos flexibles<\/b><span style=\"font-weight: 400;\"> vous permettant de choisir le nombre de gigaoctets dont vous avez besoin.<\/span><\/li>\n<li style=\"font-weight: 400;\" aria-level=\"1\"><b>Itin\u00e9rance internationale<\/b><span style=\"font-weight: 400;\"> dans des destinations s\u00e9lectionn\u00e9es pour que vous restiez connect\u00e9 o\u00f9 que vous alliez.<\/span><\/li>\n<li style=\"font-weight: 400;\" aria-level=\"1\"><b>Un service client<\/b><span style=\"font-weight: 400;\"> d\u00e9di\u00e9 et une application pour g\u00e9rer votre consommation en temps r\u00e9el.<\/span><\/li>\n<\/ul>\n<p>[\/et_pb_blurb][\/et_pb_column][et_pb_column type=\u00a0\u00bb1_2&Prime; _builder_version=\u00a0\u00bb4.27.2&Prime; _module_preset=\u00a0\u00bbdefault\u00a0\u00bb global_colors_info=\u00a0\u00bb{}\u00a0\u00bb][et_pb_blurb title=\u00a0\u00bbT\u00e9l\u00e9phonie Fixe R\u00e9sidentielle et Professionnelle\u00a0\u00bb use_icon=\u00a0\u00bbon\u00a0\u00bb font_icon=\u00a0\u00bb&#xe074;||divi||400&Prime; icon_color=\u00a0\u00bb#0066ff\u00a0\u00bb _builder_version=\u00a0\u00bb4.27.2&Prime; _module_preset=\u00a0\u00bbdefault\u00a0\u00bb global_colors_info=\u00a0\u00bb{}\u00a0\u00bb]<\/p>\n<p><span style=\"font-weight: 400;\">Connectez votre maison ou votre entreprise avec notre t\u00e9l\u00e9phonie fixe, qui garantit une communication claire et ininterrompue. Id\u00e9ale pour les appels locaux et longue distance, notre ligne fixe comprend\u00a0:<\/span><\/p>\n<ul>\n<li style=\"font-weight: 400;\" aria-level=\"1\"><b>Forfaits avec minutes illimit\u00e9es<\/b><span style=\"font-weight: 400;\"> pour les appels nationaux.<\/span><\/li>\n<\/ul>\n<p><span style=\"font-weight: 400;\"><\/span><\/p>\n<ul>\n<li style=\"font-weight: 400;\" aria-level=\"1\"><span style=\"font-weight: 400;\">Tarifs comp\u00e9titifs pour les appels internationaux.<\/span><\/li>\n<\/ul>\n<p><span style=\"font-weight: 400;\"><\/span><\/p>\n<ul>\n<li style=\"font-weight: 400;\" aria-level=\"1\"><b>Options de standard virtuel<\/b><span style=\"font-weight: 400;\"> pour les entreprises, facilitant la gestion de plusieurs lignes.<\/span><\/li>\n<\/ul>\n<p><span style=\"font-weight: 400;\"><\/span><\/p>\n<ul>\n<li style=\"font-weight: 400;\" aria-level=\"1\"><b>Fonctionnalit\u00e9s avanc\u00e9es<\/b><span style=\"font-weight: 400;\">, telles que le transfert d&rsquo;appel, l&rsquo;identification de l&rsquo;appelant et la messagerie vocale.<\/span><\/ li>\n<\/ul>\n<p>[\/et_pb_blurb][\/et_pb_column][\/et_pb_row][et_pb_row _builder_version=\u00a0\u00bb4.27.2&Prime; _module_preset=\u00a0\u00bbdefault\u00a0\u00bb global_colors_info=\u00a0\u00bb{}\u00a0\u00bb][et_pb_column type=\u00a0\u00bb4_4&Prime; _builder_version=\u00a0\u00bb4.27.2&Prime; _module_preset=\u00a0\u00bbdefault\u00a0\u00bb global_colors_info=\u00a0\u00bb{}\u00a0\u00bb][et_pb_blurb title=\u00a0\u00bbForfaits Internet + T\u00e9l\u00e9phonie\u00a0\u00bb use_icon=\u00a0\u00bbon\u00a0\u00bb font_icon=\u00a0\u00bb&#xf796;||fa||900&Prime; icon_color=\u00a0\u00bb#0066ff\u00a0\u00bb _builder_version=\u00a0\u00bb4.27.2&Prime; _module_preset=\u00a0\u00bbdefault\u00a0\u00bb global_colors_info=\u00a0\u00bb{}\u00a0\u00bb]<\/p>\n<p><span style=\"font-weight: 400;\">Simplifiez vos services avec nos forfaits combin\u00e9s, qui vous permettent de profiter d&rsquo;Internet et de la t\u00e9l\u00e9phonie dans un seul forfait, en \u00e9conomisant sur les co\u00fbts et en b\u00e9n\u00e9ficiant d&rsquo;avantages suppl\u00e9mentaires\u00a0:<\/span> < \/p><\/p>\n<ul>\n<li style=\"font-weight: 400;\" aria-level=\"1\"><b>Remises exclusives<\/b><span style=\"font-weight: 400;\"> lors de la souscription de services combin\u00e9s.<\/span><\/li>\n<\/ul>\n<p><span style=\"font-weight: 400;\"><\/span><\/p>\n<ul>\n<li style=\"font-weight: 400;\" aria-level=\"1\"><b>Facilit\u00e9 de gestion<\/b><span style=\"font-weight: 400;\"> dans une seule facture mensuelle.<\/span><\/li>\n<\/ul>\n<p><span style=\"font-weight: 400;\"><\/span><\/p>\n<ul>\n<li style=\"font-weight: 400;\" aria-level=\"1\"><span style=\"font-weight: 400;\">Options personnalisables pour choisir la vitesse Internet et le forfait t\u00e9l\u00e9phonique qui vous conviennent le mieux.<\/span><\/li>\n<\/ul>\n<p>[\/et_pb_blurb][\/et_pb_column][\/et_pb_row][et_pb_row _builder_version=\u00a0\u00bb4.27.2&Prime; _module_preset=\u00a0\u00bbdefault\u00a0\u00bb global_colors_info=\u00a0\u00bb{}\u00a0\u00bb][et_pb_column type=\u00a0\u00bb4_4&Prime; _builder_version=\u00a0\u00bb4.27.2&Prime; _module_preset=\u00a0\u00bbdefault\u00a0\u00bb global_colors_info=\u00a0\u00bb{}\u00a0\u00bb][et_pb_text _builder_version=\u00a0\u00bb4.27.2&Prime; _module_preset=\u00a0\u00bbdefault\u00a0\u00bb text_text_color=\u00a0\u00bb#FFFFFF\u00a0\u00bb header_3_text_color=\u00a0\u00bb#FFFFFF\u00a0\u00bb background_color=\u00a0\u00bb#68a2ff\u00a0\u00bb custom_padding=\u00a0\u00bb2vw|2vw|2vw|2vw|false|false\u00a0\u00bb global_colors_info=\u00a0\u00bb{}\u00a0\u00bb]<\/p>\n<p><span style=\"font-weight: 400;\"><\/span><\/p>\n<h3><b>Pourquoi choisir <\/b><b><i>T\u00e9l\u00e9com et Epargne<\/i><\/b><b> ?<\/b><\/h3>\n<ul>\n<li style=\"font-weight: 400;\" aria-level=\"1\"><b>Forfaits flexibles et abordables\u00a0:<\/b><span style=\"font-weight: 400;\"> Nous proposons des forfaits adapt\u00e9s \u00e0 vos besoins et \u00e0 votre budget, des services de base au haut d\u00e9bit connexions .<\/span><\/li>\n<\/ul>\n<p><span style=\"font-weight: 400;\"><\/span><\/p>\n<ul>\n<li style=\"font-weight: 400;\" aria-level=\"1\"><b>Assistance technique 24h\/24 et 7j\/7\u00a0:<\/b><span style=\"font-weight: 400;\"> Notre \u00e9quipe est disponible \u00e0 tout moment pour r\u00e9soudre tout probl\u00e8me ou requ\u00eate.<\/ span><\/li>\n<\/ul>\n<p><span style=\"font-weight: 400;\"><\/span><\/p>\n<ul>\n<li style=\"font-weight: 400;\" aria-level=\"1\"><b>Couverture nationale et technologies avanc\u00e9es\u00a0:<\/b><span style=\"font-weight: 400;\"> Connectivit\u00e9 de haute qualit\u00e9 et technologie de fibre optique dans des zones s\u00e9lectionn\u00e9es pour une exp\u00e9rience de qualit\u00e9 am\u00e9lior\u00e9e. utilisateur.<\/span><\/li>\n<\/ul>\n<p>[\/et_pb_text][\/et_pb_column][\/et_pb_row][et_pb_row _builder_version=\u00a0\u00bb4.27.2&Prime; _module_preset=\u00a0\u00bbdefault\u00a0\u00bb global_colors_info=\u00a0\u00bb{}\u00a0\u00bb][et_pb_column type=\u00a0\u00bb4_4&Prime; _builder_version=\u00a0\u00bb4.27.2&Prime; _module_preset=\u00a0\u00bbdefault\u00a0\u00bb global_colors_info=\u00a0\u00bb{}\u00a0\u00bb][et_pb_text _builder_version=\u00a0\u00bb4.27.2&Prime; _module_preset=\u00a0\u00bbdefault\u00a0\u00bb global_colors_info=\u00a0\u00bb{}\u00a0\u00bb]<\/p>\n<p><b>Commencez \u00e0 profiter de la meilleure connexion d\u00e8s aujourd&rsquo;hui<\/b><\/p>\n<p><span style=\"font-weight: 400;\">Que vous ayez besoin d&rsquo;Internet, de t\u00e9l\u00e9phonie ou d&rsquo;un forfait combin\u00e9, chez <\/span><i><span style=\"font-weight: 400;\">T\u00e9l\u00e9com et \u00c9conomisez<\/span><\/i><span style=\"font-weight: 400;\"> nous avons la solution id\u00e9ale pour vous. Contactez-nous pour plus d\u2019informations et pour recevoir des conseils personnalis\u00e9s. Nous sommes l\u00e0 pour vous offrir la connexion dont vous avez besoin pour \u00eatre toujours proche de ce qui compte le plus pour vous.<\/span><\/p>\n<p>[\/et_pb_text][\/et_pb_column][\/et_pb_row][\/et_pb_section]<\/p>\n","protected":false},"excerpt":{"rendered":"<p>Telecom and Saving: connexion et communication de qualit\u00e9 Chez Telecom and Saving, nous savons que dans un monde de plus en plus num\u00e9rique, la connectivit\u00e9 est essentielle pour \u00eatre proche de ses proches, travailler efficacement et profiter de ses divertissements sans interruption. C&rsquo;est pourquoi nous avons d\u00e9velopp\u00e9 une gamme de services Internet et t\u00e9l\u00e9phoniques con\u00e7us [&hellip;]<\/p>\n","protected":false},"author":2,"featured_media":0,"parent":0,"menu_order":0,"comment_status":"closed","ping_status":"closed","template":"","meta":{"_et_pb_use_builder":"on","_et_pb_old_content":"","_et_gb_content_width":"","footnotes":""},"class_list":["post-5210","page","type-page","status-publish","hentry"],"_links":{"self":[{"href":"https:\/\/www.telecomandsaving.com\/fr\/wp-json\/wp\/v2\/pages\/5210","targetHints":{"allow":["GET"]}}],"collection":[{"href":"https:\/\/www.telecomandsaving.com\/fr\/wp-json\/wp\/v2\/pages"}],"about":[{"href":"https:\/\/www.telecomandsaving.com\/fr\/wp-json\/wp\/v2\/types\/page"}],"author":[{"embeddable":true,"href":"https:\/\/www.telecomandsaving.com\/fr\/wp-json\/wp\/v2\/users\/2"}],"replies":[{"embeddable":true,"href":"https:\/\/www.telecomandsaving.com\/fr\/wp-json\/wp\/v2\/comments?post=5210"}],"version-history":[{"count":9,"href":"https:\/\/www.telecomandsaving.com\/fr\/wp-json\/wp\/v2\/pages\/5210\/revisions"}],"predecessor-version":[{"id":6086,"href":"https:\/\/www.telecomandsaving.com\/fr\/wp-json\/wp\/v2\/pages\/5210\/revisions\/6086"}],"wp:attachment":[{"href":"https:\/\/www.telecomandsaving.com\/fr\/wp-json\/wp\/v2\/media?parent=5210"}],"curies":[{"name":"wp","href":"https:\/\/api.w.org\/{rel}","templated":true}]}}