{"id":5128,"date":"2024-11-07T13:34:38","date_gmt":"2024-11-07T12:34:38","guid":{"rendered":"https:\/\/www.telecomandsaving.com\/pojisteni\/"},"modified":"2024-11-12T16:39:05","modified_gmt":"2024-11-12T15:39:05","slug":"internet-a-telefonie","status":"publish","type":"page","link":"https:\/\/www.telecomandsaving.com\/cs\/internet-a-telefonie\/","title":{"rendered":"Internet a telefonie"},"content":{"rendered":"<p>[et_pb_section fb_built=&#8220;1&#8243; _builder_version=&#8220;4.27.2&#8243; _module_preset=&#8220;default&#8220; global_colors_info=&#8220;{}&#8220;][et_pb_row _builder_version=&#8220;4.27.2&#8243; _module_preset=&#8220;default&#8220; global_colors_info=&#8220;{}&#8220;][et_pb_column type=&#8220;4_4&#8243; _builder_version=&#8220;4.27.2&#8243; _module_preset=&#8220;default&#8220; global_colors_info=&#8220;{}&#8220;][et_pb_text _builder_version=&#8220;4.27.2&#8243; _module_preset=&#8220;default&#8220; global_colors_info=&#8220;{}&#8220;]<\/p>\n<h2><b>Telecom and Saving: P\u0159ipojen\u00ed a kvalitn\u00ed komunikace<\/b><\/h2>\n<p>Telecom and Saving: Kvalitn\u00ed p\u0159ipojen\u00ed a komunikace Ve spole\u010dnosti Telecom and Saving v\u00edme, \u017ee ve st\u00e1le v\u00edce digit\u00e1ln\u00edm sv\u011bt\u011b je konektivita nezbytn\u00e1 pro to, abyste byli bl\u00edzko sv\u00fdm bl\u00edzk\u00fdm, pracovali efektivn\u011b a u\u017e\u00edvali si z\u00e1bavu bez p\u0159eru\u0161en\u00ed. Z tohoto d\u016fvodu jsme vyvinuli \u0159adu internetov\u00fdch a telefonn\u00edch slu\u017eeb navr\u017een\u00fdch tak, aby v\u00e1m nab\u00eddly rychl\u00e9, stabiln\u00ed a bezpe\u010dn\u00e9 p\u0159ipojen\u00ed s pl\u00e1ny, kter\u00e9 se p\u0159izp\u016fsob\u00ed va\u0161im pot\u0159eb\u00e1m, a z\u00e1kaznick\u00fdm servisem zam\u011b\u0159en\u00fdm na va\u0161i spokojenost.<\/p>\n<p>Na\u0161\u00edm c\u00edlem je nab\u00eddnout v\u00e1m kompletn\u00ed a spolehliv\u00e1 telekomunika\u010dn\u00ed \u0159e\u0161en\u00ed za nejlep\u0161\u00ed cenu, abyste mohli \u017e\u00edt ve spojen\u00ed za v\u0161ech okolnost\u00ed. N\u00ed\u017ee uv\u00e1d\u00edme slu\u017eby, kter\u00e9 pro v\u00e1s m\u00e1me.<\/p>\n<p>[\/et_pb_text][et_pb_heading title=&#8220;Na\u0161e internetov\u00e9 a telefonn\u00ed slu\u017eby&#8220; _builder_version=&#8220;4.27.2&#8243; _module_preset=&#8220;default&#8220; title_level=&#8220;h3&#8243; title_text_color=&#8220;#0066ff&#8220; global_colors_info=&#8220;{}&#8220;][\/et_pb_heading][\/et_pb_column][\/et_pb_row][et_pb_row column_structure=&#8220;1_2,1_2&#8243; _builder_version=&#8220;4.27.2&#8243; _module_preset=&#8220;default&#8220; global_colors_info=&#8220;{}&#8220;][et_pb_column type=&#8220;1_2&#8243; _builder_version=&#8220;4.27.2&#8243; _module_preset=&#8220;default&#8220; global_colors_info=&#8220;{}&#8220;][et_pb_blurb title=&#8220;Dom\u00e1c\u00ed internetov\u00e9 pl\u00e1ny&#8220; use_icon=&#8220;on&#8220; font_icon=&#8220;&#xf1eb;||fa||900&#8243; icon_color=&#8220;#0066ff&#8220; _builder_version=&#8220;4.27.2&#8243; _module_preset=&#8220;default&#8220; global_colors_info=&#8220;{}&#8220;]<\/p>\n<p><span style=\"font-weight: 400;\">Udr\u017eujte sv\u016fj domov ve spojen\u00ed s na\u0161imi dom\u00e1c\u00edmi internetov\u00fdmi pl\u00e1ny, kter\u00e9 nab\u00edzej\u00ed optim\u00e1ln\u00ed rychlosti pro proch\u00e1zen\u00ed, pr\u00e1ci, studium a sledov\u00e1n\u00ed streamovan\u00e9ho obsahu bez p\u0159eru\u0161en\u00ed. Mezi na\u0161e pl\u00e1ny pat\u0159\u00ed:<\/span><\/p>\n<ul>\n<li style=\"font-weight: 400;\" aria-level=\"1\"><b>Rychlosti p\u0159izp\u016fsoben\u00e9 va\u0161im pot\u0159eb\u00e1m,<\/b><span style=\"font-weight: 400;\">, od z\u00e1kladn\u00edch pl\u00e1n\u016f a\u017e po vysokorychlostn\u00ed p\u0159ipojen\u00ed pro rodiny a n\u00e1ro\u010dn\u00e9 u\u017eivatele.<\/span><\/li>\n<\/ul>\n<p>&nbsp;<\/p>\n<ul>\n<li style=\"font-weight: 400;\" aria-level=\"1\"><b>Optick\u00e9 p\u0159ipojen\u00ed<\/b><span style=\"font-weight: 400;\"> ve vybran\u00fdch oblastech pro vy\u0161\u0161\u00ed rychlost a stabilitu.<\/span><\/li>\n<\/ul>\n<p>&nbsp;<\/p>\n<ul>\n<li style=\"font-weight: 400;\" aria-level=\"1\"><b>Rychl\u00e1 instalace<\/b><span style=\"font-weight: 400;\">a nep\u0159etr\u017eit\u00e1 technick\u00e1 podpora, abyste m\u011bli v\u017edy ten nejlep\u0161\u00ed z\u00e1\u017eitek z prohl\u00ed\u017een\u00ed.<\/span><\/li>\n<\/ul>\n<p>&nbsp;<\/p>\n<ul>\n<li style=\"font-weight: 400;\" aria-level=\"1\"><span style=\"font-weight: 400;\">Kombinovan\u00e9 mo\u017enosti <\/span><b>bal\u00ed\u010dk\u016f s telefonov\u00e1n\u00edm <\/b><span style=\"font-weight: 400;\"> cpro v\u011bt\u0161\u00ed pohodl\u00ed a \u00faspory.<\/span><\/li>\n<\/ul>\n<p>[\/et_pb_blurb][\/et_pb_column][et_pb_column type=&#8220;1_2&#8243; _builder_version=&#8220;4.27.2&#8243; _module_preset=&#8220;default&#8220; global_colors_info=&#8220;{}&#8220;][et_pb_blurb title=&#8220;Internet pro firmy&#8220; use_icon=&#8220;on&#8220; font_icon=&#8220;&#xf6ff;||fa||900&#8243; icon_color=&#8220;#0066ff&#8220; _builder_version=&#8220;4.27.2&#8243; _module_preset=&#8220;default&#8220; global_colors_info=&#8220;{}&#8220;]<\/p>\n<p>V\u00edme, \u017ee va\u0161e firma pot\u0159ebuje spolehliv\u00e9 p\u0159ipojen\u00ed, aby mohla r\u016fst. Na\u0161e internetov\u00e9 pl\u00e1ny pro spole\u010dnosti jsou navr\u017eeny tak, aby v\u00e1m nab\u00eddly stabilitu a rychlost, kterou va\u0161e spole\u010dnost vy\u017eaduje, s v\u00fdhodami, jako jsou:<\/p>\n<ul>\n<li style=\"font-weight: 400;\" aria-level=\"1\"><span style=\"font-weight: 400;\">Vyhrazen\u00e9 a symetrick\u00e9 rychlosti, ide\u00e1ln\u00ed pro aktivity s vysok\u00fdm provozem a videokonference.<\/span><\/li>\n<\/ul>\n<p>&nbsp;<\/p>\n<ul>\n<li style=\"font-weight: 400;\" aria-level=\"1\">P\u0159ednostn\u00ed technick\u00e1 podpora a specializovan\u00fd account manager.<\/li>\n<\/ul>\n<p>&nbsp;<\/p>\n<ul>\n<li style=\"font-weight: 400;\" aria-level=\"1\">Z\u00e1lo\u017en\u00ed p\u0159ipojen\u00ed pro zaji\u0161t\u011bn\u00ed kontinuity va\u0161ich operac\u00ed za v\u0161ech okolnost\u00ed.<\/li>\n<\/ul>\n<p>&nbsp;<\/p>\n<ul>\n<li style=\"font-weight: 400;\" aria-level=\"1\">Mo\u017enosti priv\u00e1tn\u00edch s\u00edt\u00ed a bezpe\u010dnostn\u00ed \u0159e\u0161en\u00ed pro ochranu va\u0161ich dat a dat va\u0161ich klient\u016f.<\/li>\n<\/ul>\n<p>[\/et_pb_blurb][\/et_pb_column][\/et_pb_row][et_pb_row column_structure=&#8220;1_2,1_2&#8243; _builder_version=&#8220;4.27.2&#8243; _module_preset=&#8220;default&#8220; global_colors_info=&#8220;{}&#8220;][et_pb_column type=&#8220;1_2&#8243; _builder_version=&#8220;4.27.2&#8243; _module_preset=&#8220;default&#8220; global_colors_info=&#8220;{}&#8220;][et_pb_blurb title=&#8220;Pl\u00e1ny pro mobiln\u00ed telefony&#8220; use_icon=&#8220;on&#8220; font_icon=&#8220;&#xf10b;||fa||900&#8243; icon_color=&#8220;#0066ff&#8220; _builder_version=&#8220;4.27.2&#8243; _module_preset=&#8220;default&#8220; global_colors_info=&#8220;{}&#8220;]<\/p>\n<p>Z\u016fsta\u0148te ve spojen\u00ed s mobiln\u00edmi tarify, kter\u00e9 nab\u00edzej\u00ed dostatek minut a dat pro va\u0161e ka\u017edodenn\u00ed aktivity, s vnitrost\u00e1tn\u00edm a mezin\u00e1rodn\u00edm pokryt\u00edm. U\u017eijte si:<\/p>\n<ul>\n<li style=\"font-weight: 400;\" aria-level=\"1\">Tarif s neomezen\u00fdm vol\u00e1n\u00edm a zpr\u00e1vami v r\u00e1mci zem\u011b.<\/li>\n<li style=\"font-weight: 400;\" aria-level=\"1\">Flexibiln\u00ed datov\u00e9 bal\u00ed\u010dky, tak\u017ee si m\u016f\u017eete vybrat po\u017eadovan\u00fd po\u010det gigabajt\u016f.<\/li>\n<li style=\"font-weight: 400;\" aria-level=\"1\">Mezin\u00e1rodn\u00ed roaming ve vybran\u00fdch destinac\u00edch, tak\u017ee z\u016fstanete ve spojen\u00ed, a\u0165 jste kdekoli.<\/li>\n<li style=\"font-weight: 400;\" aria-level=\"1\">Vyhrazen\u00fd z\u00e1kaznick\u00fd servis a aplikace pro spr\u00e1vu va\u0161\u00ed spot\u0159eby v re\u00e1ln\u00e9m \u010dase.<\/li>\n<\/ul>\n<p>[\/et_pb_blurb][\/et_pb_column][et_pb_column type=&#8220;1_2&#8243; _builder_version=&#8220;4.27.2&#8243; _module_preset=&#8220;default&#8220; global_colors_info=&#8220;{}&#8220;][et_pb_blurb title=&#8220;Reziden\u010dn\u00ed a firemn\u00ed pevn\u00e1 telefonie&#8220; use_icon=&#8220;on&#8220; font_icon=&#8220;&#xe074;||divi||400&#8243; icon_color=&#8220;#0066ff&#8220; _builder_version=&#8220;4.27.2&#8243; _module_preset=&#8220;default&#8220; global_colors_info=&#8220;{}&#8220;]<\/p>\n<p>Propojte sv\u016fj domov nebo firmu s na\u0161\u00ed pevnou linkou, kter\u00e1 zaru\u010duje jasnou a nep\u0159eru\u0161ovanou komunikaci. Na\u0161e pevn\u00e1 linka je ide\u00e1ln\u00ed pro m\u00edstn\u00ed a d\u00e1lkov\u00e9 hovory a zahrnuje:<\/p>\n<ul>\n<li style=\"font-weight: 400;\" aria-level=\"1\">Pl\u00e1ny s neomezen\u00fdmi minutami pro vnitrost\u00e1tn\u00ed hovory.<\/li>\n<\/ul>\n<p>&nbsp;<\/p>\n<ul>\n<li style=\"font-weight: 400;\" aria-level=\"1\">Konkuren\u010dn\u00ed sazby za mezin\u00e1rodn\u00ed hovory.<\/li>\n<\/ul>\n<p>&nbsp;<\/p>\n<ul>\n<li style=\"font-weight: 400;\" aria-level=\"1\">Mo\u017enosti virtu\u00e1ln\u00edch \u00fast\u0159eden pro firmy, usnad\u0148uj\u00edc\u00ed spr\u00e1vu v\u00edce linek.<\/li>\n<\/ul>\n<p>&nbsp;<\/p>\n<ul>\n<li style=\"font-weight: 400;\" aria-level=\"1\">Pokro\u010dil\u00e9 funkce, jako je p\u0159esm\u011brov\u00e1n\u00ed hovor\u016f, ID volaj\u00edc\u00edho a hlasov\u00e1 schr\u00e1nka.<\/li>\n<\/ul>\n<p>[\/et_pb_blurb][\/et_pb_column][\/et_pb_row][et_pb_row _builder_version=&#8220;4.27.2&#8243; _module_preset=&#8220;default&#8220; global_colors_info=&#8220;{}&#8220;][et_pb_column type=&#8220;4_4&#8243; _builder_version=&#8220;4.27.2&#8243; _module_preset=&#8220;default&#8220; global_colors_info=&#8220;{}&#8220;][et_pb_blurb title=&#8220;Bal\u00ed\u010dky Internet + Telefonie&#8220; use_icon=&#8220;on&#8220; font_icon=&#8220;&#xf796;||fa||900&#8243; icon_color=&#8220;#0066ff&#8220; _builder_version=&#8220;4.27.2&#8243; _module_preset=&#8220;default&#8220; global_colors_info=&#8220;{}&#8220;]<\/p>\n<p>Zjednodu\u0161te sv\u00e9 slu\u017eby pomoc\u00ed na\u0161ich kombinovan\u00fdch bal\u00ed\u010dk\u016f, kter\u00e9 v\u00e1m umo\u017en\u00ed vyu\u017e\u00edvat internet a telefonov\u00e1n\u00ed v jedin\u00e9m pl\u00e1nu, \u0161et\u0159it n\u00e1klady a vyu\u017e\u00edvat dal\u0161\u00ed v\u00fdhody:<\/p>\n<ul>\n<li style=\"font-weight: 400;\" aria-level=\"1\">Exkluzivn\u00ed slevy p\u0159i sjedn\u00e1n\u00ed kombinovan\u00fdch slu\u017eeb.<\/li>\n<\/ul>\n<p>&nbsp;<\/p>\n<ul>\n<li style=\"font-weight: 400;\" aria-level=\"1\">Snadn\u00e1 spr\u00e1va v jedin\u00e9 m\u011bs\u00ed\u010dn\u00ed faktu\u0159e.<\/li>\n<\/ul>\n<p>&nbsp;<\/p>\n<ul>\n<li style=\"font-weight: 400;\" aria-level=\"1\">P\u0159izp\u016fsobiteln\u00e9 mo\u017enosti pro v\u00fdb\u011br rychlosti internetu a telefonn\u00edho pl\u00e1nu, kter\u00fd v\u00e1m nejl\u00e9pe vyhovuje.<\/li>\n<\/ul>\n<p>[\/et_pb_blurb][\/et_pb_column][\/et_pb_row][et_pb_row _builder_version=&#8220;4.27.2&#8243; _module_preset=&#8220;default&#8220; global_colors_info=&#8220;{}&#8220;][et_pb_column type=&#8220;4_4&#8243; _builder_version=&#8220;4.27.2&#8243; _module_preset=&#8220;default&#8220; global_colors_info=&#8220;{}&#8220;][et_pb_text _builder_version=&#8220;4.27.2&#8243; _module_preset=&#8220;default&#8220; text_text_color=&#8220;#FFFFFF&#8220; header_3_text_color=&#8220;#FFFFFF&#8220; background_color=&#8220;#68a2ff&#8220; custom_padding=&#8220;2vw|2vw|2vw|2vw|false|false&#8220; global_colors_info=&#8220;{}&#8220;]<\/p>\n<p>&nbsp;<\/p>\n<h3><strong>Pro\u010d zvolit Telecom a spo\u0159en\u00ed?<\/strong><\/h3>\n<ul>\n<li style=\"font-weight: 400;\" aria-level=\"1\">Flexibiln\u00ed a dostupn\u00e9 pl\u00e1ny: Nab\u00edz\u00edme pl\u00e1ny p\u0159izp\u016fsoben\u00e9 va\u0161im pot\u0159eb\u00e1m a rozpo\u010dtu, od z\u00e1kladn\u00edch slu\u017eeb a\u017e po vysokorychlostn\u00ed p\u0159ipojen\u00ed.<\/li>\n<\/ul>\n<p>&nbsp;<\/p>\n<ul>\n<li style=\"font-weight: 400;\" aria-level=\"1\">Technick\u00e1 podpora 24\/7: N\u00e1\u0161 t\u00fdm je kdykoli k dispozici pro vy\u0159e\u0161en\u00ed jak\u00e9hokoli probl\u00e9mu nebo dotazu.<\/li>\n<\/ul>\n<p>&nbsp;<\/p>\n<ul>\n<li style=\"font-weight: 400;\" aria-level=\"1\">N\u00e1rodn\u00ed pokryt\u00ed a pokro\u010dil\u00e9 technologie: Vysoce kvalitn\u00ed p\u0159ipojen\u00ed a technologie optick\u00fdch vl\u00e1ken ve vybran\u00fdch oblastech pro lep\u0161\u00ed u\u017eivatelsk\u00fd z\u00e1\u017eitek.<\/li>\n<\/ul>\n<p>[\/et_pb_text][\/et_pb_column][\/et_pb_row][et_pb_row _builder_version=&#8220;4.27.2&#8243; _module_preset=&#8220;default&#8220; global_colors_info=&#8220;{}&#8220;][et_pb_column type=&#8220;4_4&#8243; _builder_version=&#8220;4.27.2&#8243; _module_preset=&#8220;default&#8220; global_colors_info=&#8220;{}&#8220;][et_pb_text _builder_version=&#8220;4.27.2&#8243; _module_preset=&#8220;default&#8220; global_colors_info=&#8220;{}&#8220;]<\/p>\n<p><strong>Za\u010dn\u011bte si u\u017e\u00edvat nejlep\u0161\u00ed p\u0159ipojen\u00ed je\u0161t\u011b dnes<\/strong><\/p>\n<p>A\u0165 u\u017e pot\u0159ebujete internet, telefonov\u00e1n\u00ed nebo kombinovan\u00fd bal\u00ed\u010dek, v Telecomu a Spo\u0159en\u00ed pro v\u00e1s m\u00e1me ide\u00e1ln\u00ed \u0159e\u0161en\u00ed. Kontaktujte n\u00e1s pro v\u00edce informac\u00ed a pro individu\u00e1ln\u00ed poradenstv\u00ed. Jsme tu, abychom v\u00e1m nab\u00eddli spojen\u00ed, kter\u00e9 pot\u0159ebujete, abyste byli v\u017edy nabl\u00edzku tomu, co je pro v\u00e1s nejd\u016fle\u017eit\u011bj\u0161\u00ed.<\/p>\n<p>[\/et_pb_text][\/et_pb_column][\/et_pb_row][\/et_pb_section]<\/p>\n","protected":false},"excerpt":{"rendered":"<p>Telecom and Saving: P\u0159ipojen\u00ed a kvalitn\u00ed komunikace Telecom and Saving: Kvalitn\u00ed p\u0159ipojen\u00ed a komunikace Ve spole\u010dnosti Telecom and Saving v\u00edme, \u017ee ve st\u00e1le v\u00edce digit\u00e1ln\u00edm sv\u011bt\u011b je konektivita nezbytn\u00e1 pro to, abyste byli bl\u00edzko sv\u00fdm bl\u00edzk\u00fdm, pracovali efektivn\u011b a u\u017e\u00edvali si z\u00e1bavu bez p\u0159eru\u0161en\u00ed. Z tohoto d\u016fvodu jsme vyvinuli \u0159adu internetov\u00fdch a telefonn\u00edch slu\u017eeb navr\u017een\u00fdch [&hellip;]<\/p>\n","protected":false},"author":2,"featured_media":0,"parent":0,"menu_order":0,"comment_status":"closed","ping_status":"closed","template":"","meta":{"_et_pb_use_builder":"on","_et_pb_old_content":"","_et_gb_content_width":"","footnotes":""},"class_list":["post-5128","page","type-page","status-publish","hentry"],"_links":{"self":[{"href":"https:\/\/www.telecomandsaving.com\/cs\/wp-json\/wp\/v2\/pages\/5128","targetHints":{"allow":["GET"]}}],"collection":[{"href":"https:\/\/www.telecomandsaving.com\/cs\/wp-json\/wp\/v2\/pages"}],"about":[{"href":"https:\/\/www.telecomandsaving.com\/cs\/wp-json\/wp\/v2\/types\/page"}],"author":[{"embeddable":true,"href":"https:\/\/www.telecomandsaving.com\/cs\/wp-json\/wp\/v2\/users\/2"}],"replies":[{"embeddable":true,"href":"https:\/\/www.telecomandsaving.com\/cs\/wp-json\/wp\/v2\/comments?post=5128"}],"version-history":[{"count":6,"href":"https:\/\/www.telecomandsaving.com\/cs\/wp-json\/wp\/v2\/pages\/5128\/revisions"}],"predecessor-version":[{"id":5962,"href":"https:\/\/www.telecomandsaving.com\/cs\/wp-json\/wp\/v2\/pages\/5128\/revisions\/5962"}],"wp:attachment":[{"href":"https:\/\/www.telecomandsaving.com\/cs\/wp-json\/wp\/v2\/media?parent=5128"}],"curies":[{"name":"wp","href":"https:\/\/api.w.org\/{rel}","templated":true}]}}